{"id":21,"date":"2025-09-02T07:27:00","date_gmt":"2025-09-02T07:27:00","guid":{"rendered":"https:\/\/reclaimingholisticlifestyle.com\/?page_id=21"},"modified":"2025-12-22T17:37:22","modified_gmt":"2025-12-22T17:37:22","slug":"impresszum","status":"publish","type":"page","link":"https:\/\/reclaimingholisticlifestyle.com\/en\/impresszum\/","title":{"rendered":"Imprint"},"content":{"rendered":"<div data-elementor-type=\"wp-page\" data-elementor-id=\"21\" class=\"elementor elementor-21\" data-elementor-post-type=\"page\">\n\t\t\t\t<div class=\"elementor-element elementor-element-14d3de63 e-con-full e-flex e-con e-parent\" data-id=\"14d3de63\" data-element_type=\"container\" data-e-type=\"container\" data-settings=\"{&quot;background_background&quot;:&quot;classic&quot;}\">\n\t\t\t\t<div class=\"elementor-element elementor-element-120ab38f elementor-widget__width-inherit elementor-widget elementor-widget-text-editor\" data-id=\"120ab38f\" data-element_type=\"widget\" data-e-type=\"widget\" data-widget_type=\"text-editor.default\">\n\t\t\t\t\t\t\t\t\t\n<p>IMPRESSZUM<\/p>\n<p>\u00a0<\/p>\n<p><a href=\"https:\/\/reclaimingholisticlifestyle.com\/wp-content\/uploads\/2025\/12\/RHL_-ASZF.pdf\">\u00c1LTAL\u00c1NOS SZERZ\u0150D\u00c9SI FELT\u00c9TELEK<\/a><\/p>\n<p>\u00a0<\/p>\n\n<p><a href=\"https:\/\/reclaimingholisticlifestyle.com\/wp-content\/uploads\/2025\/12\/RHL_-jogi-nyilatkozat.pdf\">JOGI NYILATKOZAT<\/a><\/p>\n<p>\u00a0<\/p>\n\n<p><a href=\"https:\/\/reclaimingholisticlifestyle.com\/wp-content\/uploads\/2025\/12\/RHL_Adatvedelmi-szabalyzat.pdf\">ADATV\u00c9DELMI SZAB\u00c1LYZAT<\/a><\/p>\n\n<p>\u00a0<\/p>\n<p>\u00a0<\/p>\n<p>\u00a0<\/p>\n<p>\u00a0<\/p>\n<p>Reclaimin Holistic Lifestyle<\/p>\n<p>info@reclaimingholisticlifestyle.com<\/p>\n<p>+36 30 337 8661<\/p>\n\t\t\t\t\t\t\t\t<\/div>\n\t\t\t\t<\/div>\n\t\t\t\t<\/div>","protected":false},"excerpt":{"rendered":"<p>IMPRESSZUM \u00a0 \u00c1LTAL\u00c1NOS SZERZ\u0150D\u00c9SI FELT\u00c9TELEK \u00a0 JOGI NYILATKOZAT \u00a0 ADATV\u00c9DELMI SZAB\u00c1LYZAT \u00a0 \u00a0 \u00a0 \u00a0 Reclaimin Holistic Lifestyle info@reclaimingholisticlifestyle.com +36 30 337 8661<\/p>","protected":false},"author":1,"featured_media":0,"parent":0,"menu_order":0,"comment_status":"closed","ping_status":"closed","template":"","meta":{"footnotes":""},"class_list":["post-21","page","type-page","status-publish","hentry"],"yoast_head":"<!-- This site is optimized with the Yoast SEO plugin v26.8 - https:\/\/yoast.com\/product\/yoast-seo-wordpress\/ -->\n<title>Impresszum - Calculating Infinity<\/title>\n<meta name=\"robots\" content=\"index, follow, max-snippet:-1, max-image-preview:large, max-video-preview:-1\" \/>\n<link rel=\"canonical\" href=\"https:\/\/reclaimingholisticlifestyle.com\/en\/impresszum\/\" \/>\n<meta property=\"og:locale\" content=\"en_US\" \/>\n<meta property=\"og:type\" content=\"article\" \/>\n<meta property=\"og:title\" content=\"Impresszum - Calculating Infinity\" \/>\n<meta property=\"og:description\" content=\"IMPRESSZUM \u00a0 \u00c1LTAL\u00c1NOS SZERZ\u0150D\u00c9SI FELT\u00c9TELEK \u00a0 JOGI NYILATKOZAT \u00a0 ADATV\u00c9DELMI SZAB\u00c1LYZAT \u00a0 \u00a0 \u00a0 \u00a0 Reclaimin Holistic Lifestyle info@reclaimingholisticlifestyle.com +36 30 337 8661\" \/>\n<meta property=\"og:url\" content=\"https:\/\/reclaimingholisticlifestyle.com\/en\/impresszum\/\" \/>\n<meta property=\"og:site_name\" content=\"Calculating Infinity\" \/>\n<meta property=\"article:modified_time\" content=\"2025-12-22T17:37:22+00:00\" \/>\n<meta name=\"twitter:card\" content=\"summary_large_image\" \/>\n<script type=\"application\/ld+json\" class=\"yoast-schema-graph\">{\"@context\":\"https:\/\/schema.org\",\"@graph\":[{\"@type\":\"WebPage\",\"@id\":\"https:\/\/reclaimingholisticlifestyle.com\/impresszum\/\",\"url\":\"https:\/\/reclaimingholisticlifestyle.com\/impresszum\/\",\"name\":\"Impresszum - Calculating Infinity\",\"isPartOf\":{\"@id\":\"https:\/\/reclaimingholisticlifestyle.com\/#website\"},\"datePublished\":\"2025-09-02T07:27:00+00:00\",\"dateModified\":\"2025-12-22T17:37:22+00:00\",\"breadcrumb\":{\"@id\":\"https:\/\/reclaimingholisticlifestyle.com\/impresszum\/#breadcrumb\"},\"inLanguage\":\"en-US\",\"potentialAction\":[{\"@type\":\"ReadAction\",\"target\":[\"https:\/\/reclaimingholisticlifestyle.com\/impresszum\/\"]}]},{\"@type\":\"BreadcrumbList\",\"@id\":\"https:\/\/reclaimingholisticlifestyle.com\/impresszum\/#breadcrumb\",\"itemListElement\":[{\"@type\":\"ListItem\",\"position\":1,\"name\":\"Kezd\u0151lap\",\"item\":\"https:\/\/reclaimingholisticlifestyle.com\/\"},{\"@type\":\"ListItem\",\"position\":2,\"name\":\"Impresszum\"}]},{\"@type\":\"WebSite\",\"@id\":\"https:\/\/reclaimingholisticlifestyle.com\/#website\",\"url\":\"https:\/\/reclaimingholisticlifestyle.com\/\",\"name\":\"Reclaiming Holistic Lifestyle\",\"description\":\"\",\"potentialAction\":[{\"@type\":\"SearchAction\",\"target\":{\"@type\":\"EntryPoint\",\"urlTemplate\":\"https:\/\/reclaimingholisticlifestyle.com\/?s={search_term_string}\"},\"query-input\":{\"@type\":\"PropertyValueSpecification\",\"valueRequired\":true,\"valueName\":\"search_term_string\"}}],\"inLanguage\":\"en-US\"}]}<\/script>\n<!-- \/ Yoast SEO plugin. -->","yoast_head_json":{"title":"Impresszum - Calculating Infinity","robots":{"index":"index","follow":"follow","max-snippet":"max-snippet:-1","max-image-preview":"max-image-preview:large","max-video-preview":"max-video-preview:-1"},"canonical":"https:\/\/reclaimingholisticlifestyle.com\/en\/impresszum\/","og_locale":"en_US","og_type":"article","og_title":"Impresszum - Calculating Infinity","og_description":"IMPRESSZUM \u00a0 \u00c1LTAL\u00c1NOS SZERZ\u0150D\u00c9SI FELT\u00c9TELEK \u00a0 JOGI NYILATKOZAT \u00a0 ADATV\u00c9DELMI SZAB\u00c1LYZAT \u00a0 \u00a0 \u00a0 \u00a0 Reclaimin Holistic Lifestyle info@reclaimingholisticlifestyle.com +36 30 337 8661","og_url":"https:\/\/reclaimingholisticlifestyle.com\/en\/impresszum\/","og_site_name":"Calculating Infinity","article_modified_time":"2025-12-22T17:37:22+00:00","twitter_card":"summary_large_image","schema":{"@context":"https:\/\/schema.org","@graph":[{"@type":"WebPage","@id":"https:\/\/reclaimingholisticlifestyle.com\/impresszum\/","url":"https:\/\/reclaimingholisticlifestyle.com\/impresszum\/","name":"Impresszum - Calculating Infinity","isPartOf":{"@id":"https:\/\/reclaimingholisticlifestyle.com\/#website"},"datePublished":"2025-09-02T07:27:00+00:00","dateModified":"2025-12-22T17:37:22+00:00","breadcrumb":{"@id":"https:\/\/reclaimingholisticlifestyle.com\/impresszum\/#breadcrumb"},"inLanguage":"en-US","potentialAction":[{"@type":"ReadAction","target":["https:\/\/reclaimingholisticlifestyle.com\/impresszum\/"]}]},{"@type":"BreadcrumbList","@id":"https:\/\/reclaimingholisticlifestyle.com\/impresszum\/#breadcrumb","itemListElement":[{"@type":"ListItem","position":1,"name":"Kezd\u0151lap","item":"https:\/\/reclaimingholisticlifestyle.com\/"},{"@type":"ListItem","position":2,"name":"Impresszum"}]},{"@type":"WebSite","@id":"https:\/\/reclaimingholisticlifestyle.com\/#website","url":"https:\/\/reclaimingholisticlifestyle.com\/","name":"Reclaiming Holistic Lifestyle","description":"","potentialAction":[{"@type":"SearchAction","target":{"@type":"EntryPoint","urlTemplate":"https:\/\/reclaimingholisticlifestyle.com\/?s={search_term_string}"},"query-input":{"@type":"PropertyValueSpecification","valueRequired":true,"valueName":"search_term_string"}}],"inLanguage":"en-US"}]}},"_links":{"self":[{"href":"https:\/\/reclaimingholisticlifestyle.com\/en\/wp-json\/wp\/v2\/pages\/21","targetHints":{"allow":["GET"]}}],"collection":[{"href":"https:\/\/reclaimingholisticlifestyle.com\/en\/wp-json\/wp\/v2\/pages"}],"about":[{"href":"https:\/\/reclaimingholisticlifestyle.com\/en\/wp-json\/wp\/v2\/types\/page"}],"author":[{"embeddable":true,"href":"https:\/\/reclaimingholisticlifestyle.com\/en\/wp-json\/wp\/v2\/users\/1"}],"replies":[{"embeddable":true,"href":"https:\/\/reclaimingholisticlifestyle.com\/en\/wp-json\/wp\/v2\/comments?post=21"}],"version-history":[{"count":23,"href":"https:\/\/reclaimingholisticlifestyle.com\/en\/wp-json\/wp\/v2\/pages\/21\/revisions"}],"predecessor-version":[{"id":293,"href":"https:\/\/reclaimingholisticlifestyle.com\/en\/wp-json\/wp\/v2\/pages\/21\/revisions\/293"}],"wp:attachment":[{"href":"https:\/\/reclaimingholisticlifestyle.com\/en\/wp-json\/wp\/v2\/media?parent=21"}],"curies":[{"name":"wp","href":"https:\/\/api.w.org\/{rel}","templated":true}]}}